{"id":884,"date":"2026-03-21T09:33:28","date_gmt":"2026-03-21T09:33:28","guid":{"rendered":"https:\/\/konferencije.jusp-donjagradina.org\/?page_id=884"},"modified":"2026-03-26T19:23:21","modified_gmt":"2026-03-26T19:23:21","slug":"agenda","status":"publish","type":"page","link":"https:\/\/konferencije.jusp-donjagradina.org\/en\/agenda\/","title":{"rendered":"Agenda"},"content":{"rendered":"<div data-elementor-type=\"wp-page\" data-elementor-id=\"884\" class=\"elementor elementor-884\">\n\t\t\t\t<div class=\"elementor-element elementor-element-3ce40aa e-flex e-con-boxed e-con e-parent\" data-id=\"3ce40aa\" data-element_type=\"container\" data-e-type=\"container\">\n\t\t\t\t\t<div class=\"e-con-inner\">\n\t\t\t\t<div class=\"elementor-element elementor-element-e3891b8 elementor-widget elementor-widget-html\" data-id=\"e3891b8\" data-element_type=\"widget\" data-e-type=\"widget\" data-no-translation=\"\" data-widget_type=\"html.default\">\n\t\t\t\t<div class=\"elementor-widget-container\">\n\t\t\t\t\t<style>.elementor-element-e3891b8{display:none !important}<\/style>\t\t\t\t<\/div>\n\t\t\t\t<\/div>\n\t\t\t\t\t<\/div>\n\t\t\t\t<\/div>\n\t\t<div class=\"elementor-element elementor-element-935a96b e-flex e-con-boxed e-con e-parent\" data-id=\"935a96b\" data-element_type=\"container\" data-e-type=\"container\">\n\t\t\t\t\t<div class=\"e-con-inner\">\n\t\t\t\t<div class=\"elementor-element elementor-element-a9362a8 elementor-widget elementor-widget-html\" data-id=\"a9362a8\" data-element_type=\"widget\" data-e-type=\"widget\" data-no-translation=\"\" data-widget_type=\"html.default\">\n\t\t\t\t<div class=\"elementor-widget-container\">\n\t\t\t\t\t<div class=\"conference-schedule\">\r\n    <h2 id=\"dan-prvi\" class=\"schedule-title\">Conference Program \u2013 April 22, 2026<\/h2>\r\n    \r\n    <div class=\"session\">\r\n        <h3 class=\"session-title\"><span class=\"session-time\">9:45-10:00<\/span> Participant Registration<\/h3>\r\n    <\/div>\r\n    <div class=\"session\">\r\n        <h3 class=\"session-title\"><span class=\"session-time\">10:00<\/span> Conference Opening<\/h3>\r\n    <\/div>\r\n    \r\n    <div class=\"session\">\r\n        <h3 class=\"session-title\"><span class=\"session-time\">10:15<\/span> Session I: Moderator Dejan Motl<\/h3>\r\n    <\/div>\r\n    <div class=\"session\">\r\n        <h3 class=\"session-title\"><span class=\"session-time\">10:15-10:25<\/span> Dr. Drago Njegovan (Museum and Scientific Advisor, Novi Sad)<\/h3>\r\n        <p class=\"session-description\">Genocide of my family by the Croatian Ustashe in the village of Lukavice on St. Elijah's Day, 1941<\/p>\r\n    <\/div>\r\n    <div class=\"session\">\r\n        <h3 class=\"session-title\"><span class=\"session-time\">10:25-10:35<\/span> Dr. Milan Koljanin (\u201cStaro Sajmi\u0161te\u201d Memorial Center)<\/h3>\r\n        <p class=\"session-description\">Liberation of inmates from the Jasenovac and Loborgrad camps in March 1942<\/p>\r\n    <\/div>\r\n    <div class=\"session\">\r\n        <h3 class=\"session-title\"><span class=\"session-time\">10:45-10:55<\/span> MA Janko Vra\u010dar (Museum of the Republic of Srpska, Banja Luka)<\/h3>\r\n        <p class=\"session-description\">Ustashe damnatio memoriae in Banja Luka as a prelude to the genocide against Serbs<\/p>\r\n    <\/div>\r\n    <div class=\"session\">\r\n        <h3 class=\"session-title\"><span class=\"session-time\">10:45-10:55<\/span> Vladimir Bursa\u0107, Independent Researcher (Zrenjanin)<\/h3>\r\n        <p class=\"session-description\">Bosanska Krajina in light of the testimonies of Serbian refugees 1941\u20131942<\/p>\r\n    <\/div>\r\n    <div class=\"session\">\r\n        <h3 class=\"session-title\"><span class=\"session-time\">10:55-11:05<\/span> Simo Radi\u0107 (Museum of Herzegovina, Trebinje)<\/h3>\r\n        <p class=\"session-description\">Indirect victims of Ustashe terror in the Popovo Polje area<\/p>\r\n    <\/div>\r\n    <div class=\"session\">\r\n        <h3 class=\"session-title\"><span class=\"session-time\">11:05-11:15<\/span> Mirko Cvijanovi\u0107 (Museum in Doboj)<\/h3>\r\n        <p class=\"session-description\">Executions from September 16 to 25, 1941<\/p>\r\n    <\/div>\r\n    <div class=\"session\">\r\n        <h3 class=\"session-title\"><span class=\"session-time\">11:15-11:25<\/span> Viktor Nu\u017edi\u0107 (Republican Center for Research on War, War Crimes and Search for Missing Persons, Banja Luka)<\/h3>\r\n        <p class=\"session-description\">Rehabilitating the Past: Ustashe symbolism and historical revisionism in public space<\/p>\r\n    <\/div>\r\n    \r\n    <div class=\"session\">\r\n        <h3 class=\"session-title\"><span class=\"session-time\">11:25-11:40<\/span> Break<\/h3>\r\n    <\/div>\r\n    \r\n    <div class=\"session\">\r\n        <h3 class=\"session-title\"><span class=\"session-time\">11:40<\/span> Session II: Moderator Mirko Dimi\u0107<\/h3>\r\n    <\/div>\r\n    <div class=\"session\">\r\n        <h3 class=\"session-title\"><span class=\"session-time\">11:40-11:50<\/span> Dr. Ana \u0106iri\u0107 Pavlovi\u0107 (ELTE University Budapest)<\/h3>\r\n        <p class=\"session-description\">Ustashe looting during World War II: A case study of Jewish shops in Sarajevo<\/p>\r\n    <\/div>\r\n    <div class=\"session\">\r\n        <h3 class=\"session-title\"><span class=\"session-time\">11:50-12:00<\/span> Dr. Milo\u0161 Damjanovi\u0107, MA Jelena M. Damjanovi\u0107, Predrag S. Premovi\u0107<\/h3>\r\n        <p class=\"session-description\">Doctor Josif Belinkis (1900\u20131942), biography of a Holocaust victim<\/p>\r\n    <\/div>\r\n    <div class=\"session\">\r\n        <h3 class=\"session-title\"><span class=\"session-time\">12:00-12:10<\/span> Borislav Mari\u0107, Professor (Prnjavor)<\/h3>\r\n        <p class=\"session-description\">Porajmos<\/p>\r\n    <\/div>\r\n    <div class=\"session\">\r\n        <h3 class=\"session-title\"><span class=\"session-time\">12:10-12:20<\/span> Dejan Motl, Senior Curator (Public Institution \u201cDonja Gradina Memorial Area\u201d)<\/h3>\r\n        <p class=\"session-description\">Resistance in Camp III Brickworks (Ciglana)<\/p>\r\n    <\/div>\r\n    \r\n    <div class=\"session\">\r\n        <h3 class=\"session-title\"><span class=\"session-time\">12:20-12:45<\/span> Break<\/h3>\r\n    <\/div>\r\n    \r\n    <div class=\"session\">\r\n        <h3 class=\"session-title\"><span class=\"session-time\">12:45-12:55<\/span> Session III: Moderator Tanja Tulekovi\u0107<\/h3>\r\n    <\/div>\r\n    <div class=\"session\">\r\n        <h3 class=\"session-title\"><span class=\"session-time\">12:55-13:05<\/span> Asja Dra\u010da Muntean (\u201cStaro Sajmi\u0161te\u201d Memorial Center)<\/h3>\r\n        <p class=\"session-description\">Art as Resistance: Testimony of Nada Novakovi\u0107 from the Zemun Transit Camp<\/p>\r\n    <\/div>\r\n    <div class=\"session\">\r\n        <h3 class=\"session-title\"><span class=\"session-time\">13:05-13:15<\/span> MA Marko Jankovi\u0107 (Memorial Center of the Republic of Srpska)<\/h3>\r\n        <p class=\"session-description\">Oral history as a source for reconstructing the numbers and lifestyle of Serbian families on Kozara on the eve of World War II<\/p>\r\n    <\/div>\r\n    <div class=\"session\">\r\n        <h3 class=\"session-title\"><span class=\"session-time\">13:15-13:25<\/span> Mirko Dimi\u0107, Senior Curator (Public Institution \u201cDonja Gradina Memorial Area\u201d)<\/h3>\r\n        <p class=\"session-description\">The Memory of Gojko Kotur<\/p>\r\n    <\/div>\r\n    <div class=\"session\">\r\n        <h3 class=\"session-title\"><span class=\"session-time\">13:25-13:35<\/span> Sergej Vuk\u010devi\u0107 (City Association of Former Camp Inmates of WWII and Their Descendants)<\/h3>\r\n        <p class=\"session-description\">Mile Risti\u0107 and the breakout from Jasenovac: A biographical study<\/p>\r\n    <\/div>\r\n     <div class=\"session\">\r\n        <h3 class=\"session-title\"><span class=\"session-time\">13:35-13:45<\/span> Sanja Crnobrnja (National Museum of Toplica)<\/h3>\r\n        <p class=\"session-description\">The 1942 Vo\u0107in crime \u2013 a case study as a platform for applying new crime research methods<\/p>\r\n    <\/div>\r\n    <div class=\"session\">\r\n        <h3 class=\"session-title\"><span class=\"session-time\">13:45-13:55<\/span> Tanja Tulekovi\u0107, Museum Advisor (Public Institution \u201cDonja Gradina Memorial Area\u201d)<\/h3>\r\n        <p class=\"session-description\">Donja Gradina, The Gravediggers: Witnesses to the Ustashe crime of genocide<\/p>\r\n    <\/div>\r\n    \r\n    <div class=\"session\">\r\n        <h3 class=\"session-title\"><span class=\"session-time\">13:55-14:15<\/span> Discussion<\/h3>\r\n    <\/div>\r\n    <div class=\"session\">\r\n        <h3 class=\"session-title\"><span class=\"session-time\">14:15<\/span> Closing Remarks: Tanja Tulekovi\u0107<\/h3>\r\n    <\/div>\r\n    <div class=\"session\">\r\n        <h3 class=\"session-title\"><span class=\"session-time\">14:30-15:00<\/span> History Lesson<\/h3>\r\n    <\/div>\r\n<\/div>\t\t\t\t<\/div>\n\t\t\t\t<\/div>\n\t\t\t\t\t<\/div>\n\t\t\t\t<\/div>\n\t\t\t\t<\/div>","protected":false},"excerpt":{"rendered":"<p>\u041f\u0440\u043e\u0433\u0440\u0430\u043c \u043a\u043e\u043d\u0444\u0435\u0440\u0435\u043d\u0446\u0438\u0458\u0435 \u2013 22. \u0430\u043f\u0440\u0438\u043b 2026. 9:45-10:00 \u0420\u0435\u0433\u0438\u0441\u0442\u0440\u0430\u0446\u0438\u0458\u0430 \u0443\u0447\u0435\u0441\u043d\u0438\u043a\u0430 10:00 \u041e\u0442\u0432\u0430\u0440\u0430\u045a\u0435 \u043a\u043e\u043d\u0444\u0435\u0440\u0435\u043d\u0446\u0438\u0458\u0435 10:15 I \u0441\u0435\u0441\u0438\u0458\u0430: \u043c\u043e\u0434\u0435\u0440\u0430\u0442\u043e\u0440 \u0414\u0435\u0458\u0430\u043d \u041c\u043e\u0442\u043b 10:15-10:25 \u0414\u0440 \u0414\u0440\u0430\u0433\u043e \u040a\u0435\u0433\u043e\u0432\u0430\u043d (\u041c\u0443\u0437\u0435\u0458\u0441\u043a\u0438 \u0438 \u043d\u0430\u0443\u0447\u043d\u0438 \u0441\u0430\u0432\u0458\u0435\u0442\u043d\u0438\u043a, \u041d\u043e\u0432\u0438 \u0421\u0430\u0434) \u0413\u0435\u043d\u043e\u0446\u0438\u0434 \u043d\u0430\u0434 \u043c\u043e\u0458\u043e\u043c \u043f\u043e\u0440\u043e\u0434\u0438\u0446\u043e\u043c \u043e\u0434 \u0441\u0442\u0440\u0430\u043d\u0435 \u0445\u0440\u0432\u0430\u0442\u0441\u043a\u0438\u0445 \u0443\u0441\u0442\u0430\u0448\u0430 \u0443 \u0441\u0435\u043b\u0443 \u041b\u0443\u043a\u0430\u0432\u0438\u0446\u0435 \u043d\u0430 \u0418\u043b\u0438\u043d\u0434\u0430\u043d 1941. \u0433\u043e\u0434\u0438\u043d\u0435 10:25-10:35 \u0414\u0440 \u041c\u0438\u043b\u0430\u043d \u041a\u043e\u0459\u0430\u043d\u0438\u043d (\u041c\u0435\u043c\u043e\u0440\u0438\u0458\u0430\u043b\u043d\u0438 \u0446\u0435\u043d\u0442\u0430\u0440 \u201c\u0421\u0442\u0430\u0440\u043e \u0441\u0430\u0458\u043c\u0438\u0448\u0442\u0435\u201d) \u041e\u0441\u043b\u043e\u0431\u0430\u0452\u0430\u045a\u0435 \u043b\u043e\u0433\u043e\u0440\u0430\u0448\u0430 \u0438\u0437 \u043b\u043e\u0433\u043e\u0440\u0430 [&hellip;]<\/p>\n","protected":false},"author":1,"featured_media":986,"parent":0,"menu_order":0,"comment_status":"closed","ping_status":"closed","template":"","meta":{"footnotes":""},"class_list":["post-884","page","type-page","status-publish","has-post-thumbnail","hentry"],"aioseo_notices":[],"_links":{"self":[{"href":"https:\/\/konferencije.jusp-donjagradina.org\/en\/wp-json\/wp\/v2\/pages\/884","targetHints":{"allow":["GET"]}}],"collection":[{"href":"https:\/\/konferencije.jusp-donjagradina.org\/en\/wp-json\/wp\/v2\/pages"}],"about":[{"href":"https:\/\/konferencije.jusp-donjagradina.org\/en\/wp-json\/wp\/v2\/types\/page"}],"author":[{"embeddable":true,"href":"https:\/\/konferencije.jusp-donjagradina.org\/en\/wp-json\/wp\/v2\/users\/1"}],"replies":[{"embeddable":true,"href":"https:\/\/konferencije.jusp-donjagradina.org\/en\/wp-json\/wp\/v2\/comments?post=884"}],"version-history":[{"count":17,"href":"https:\/\/konferencije.jusp-donjagradina.org\/en\/wp-json\/wp\/v2\/pages\/884\/revisions"}],"predecessor-version":[{"id":1160,"href":"https:\/\/konferencije.jusp-donjagradina.org\/en\/wp-json\/wp\/v2\/pages\/884\/revisions\/1160"}],"wp:featuredmedia":[{"embeddable":true,"href":"https:\/\/konferencije.jusp-donjagradina.org\/en\/wp-json\/wp\/v2\/media\/986"}],"wp:attachment":[{"href":"https:\/\/konferencije.jusp-donjagradina.org\/en\/wp-json\/wp\/v2\/media?parent=884"}],"curies":[{"name":"wp","href":"https:\/\/api.w.org\/{rel}","templated":true}]}}